{"id":47,"date":"2022-10-07T23:30:47","date_gmt":"2022-10-07T21:30:47","guid":{"rendered":"https:\/\/nostalgic-pasteur.194-56-190-69.plesk.page\/?page_id=47"},"modified":"2023-11-01T19:27:15","modified_gmt":"2023-11-01T18:27:15","slug":"impressum","status":"publish","type":"page","link":"https:\/\/hausarzt-wallisellen.ch\/en\/impressum\/","title":{"rendered":"Imprint"},"content":{"rendered":"<div data-elementor-type=\"wp-page\" data-elementor-id=\"47\" class=\"elementor elementor-47\" data-elementor-post-type=\"page\">\n\t\t\t\t<div class=\"elementor-element elementor-element-f456c4f e-con-full e-flex e-con e-parent\" data-id=\"f456c4f\" data-element_type=\"container\" data-e-type=\"container\">\n\t\t<div class=\"elementor-element elementor-element-891ad8c e-flex e-con-boxed e-con e-child\" data-id=\"891ad8c\" data-element_type=\"container\" data-e-type=\"container\" data-settings=\"{&quot;background_background&quot;:&quot;classic&quot;}\">\n\t\t\t\t\t<div class=\"e-con-inner\">\n\t\t\t\t<div class=\"elementor-element elementor-element-f771f31 elementor-widget elementor-widget-heading\" data-id=\"f771f31\" data-element_type=\"widget\" data-e-type=\"widget\" data-widget_type=\"heading.default\">\n\t\t\t\t<div class=\"elementor-widget-container\">\n\t\t\t\t\t<h1 class=\"elementor-heading-title elementor-size-default\">Imprint<\/h1>\t\t\t\t<\/div>\n\t\t\t\t<\/div>\n\t\t\t\t\t<\/div>\n\t\t\t\t<\/div>\n\t\t\t\t<\/div>\n\t\t<div class=\"elementor-element elementor-element-7b13133 e-flex e-con-boxed e-con e-parent\" data-id=\"7b13133\" data-element_type=\"container\" data-e-type=\"container\">\n\t\t\t\t\t<div class=\"e-con-inner\">\n\t\t\t\t<div class=\"elementor-element elementor-element-c50d143 elementor-widget elementor-widget-text-editor\" data-id=\"c50d143\" data-element_type=\"widget\" data-e-type=\"widget\" data-widget_type=\"text-editor.default\">\n\t\t\t\t<div class=\"elementor-widget-container\">\n\t\t\t\t\t\t\t\t\t<p><b>Responsible authority:<\/b><br \/>Markus Frey, MD<br \/>Bahnhofstrasse 16<br \/>Wallisellen 8304<br \/>Switzerland<br \/><strong>e-mail<\/strong>: <a href=\"mailto:hausarzt-wallisellen@hin.ch\">hausarzt-wallisellen@hin.ch<\/a><\/p><p><strong>Authorized representatives<\/strong><br \/>Dr. med. Markus Frey, in Egg<\/p><p><strong>Name of the company<\/strong>Dr. med. Markus Frey<br \/><strong>Registration number<\/strong>: CHE-294.723.035<br \/><strong>Sales tax identification number<\/strong>: CHE-294.723.035 MWST<\/p><p><strong>Disclaimer<\/strong><br \/>The author assumes no liability for the correctness, accuracy, up-to-dateness, reliability and completeness of the information.<br \/>Liability claims against the author for damages of a material or immaterial nature arising from access to or use or non-use of the published information, through misuse of the connection or through technical faults are excluded.<\/p><p>All offers are subject to change. The author expressly reserves the right to change, supplement or delete parts of the pages or the entire offer without prior notice or to cease publication temporarily or permanently.<\/p><p><strong>Disclaimer for content and links<\/strong><br \/>References and links to third-party websites are outside our area of responsibility. Any responsibility for such websites is rejected. Access to and use of such websites is at the user's own risk.<\/p><p><strong>Copyright declaration<\/strong><br \/>The copyright and all other rights to content, images, photos or other files on this website belong exclusively to Dr. med. Markus Frey or the specifically named rights holders. The written consent of the copyright holder must be obtained in advance for the reproduction of any elements.<\/p><p><strong>Source<\/strong>: <a style=\"color: inherit; text-decoration: none;\" href=\"https:\/\/brainbox.swiss\/\">BrainBox Solutions<\/a><\/p><p><strong>Web design and implementation:<\/strong><br \/><a href=\"https:\/\/nicolasgrimm.ch\/wordpress-freelancer\/\" target=\"\u201d_blank\u201d\" rel=\"dofollow\">Nicolas Grimm - WordPress Freelancer<\/a><\/p>\t\t\t\t\t\t\t\t<\/div>\n\t\t\t\t<\/div>\n\t\t\t\t\t<\/div>\n\t\t\t\t<\/div>\n\t\t\t\t<\/div>","protected":false},"excerpt":{"rendered":"<p>Verantwortliche Instanz:Dr. med. Markus FreyBahnhofstrasse 16Wallisellen 8304SchweizE-Mail: hausarzt-wallisellen@hin.ch Vertretungsberechtigte PersonenDr. med. Markus Frey, in Egg Name des Unternehmens: Dr. med. Markus FreyRegistrationsnummer: CHE-294.723.035Umsatzsteuer-Identifikationsnummer: CHE-294.723.035 MWST HaftungsausschlussDer Autor \u00fcbernimmt keine Gew\u00e4hr f\u00fcr die Richtigkeit, Genauigkeit, Aktualit\u00e4t, Zuverl\u00e4ssigkeit und Vollst\u00e4ndigkeit der Informationen.Haftungsanspr\u00fcche gegen den Autor wegen Sch\u00e4den materieller oder immaterieller Art, die aus dem Zugriff oder der [&hellip;]<\/p>\n","protected":false},"author":1,"featured_media":0,"parent":0,"menu_order":0,"comment_status":"closed","ping_status":"closed","template":"elementor_header_footer","meta":{"footnotes":""},"class_list":["post-47","page","type-page","status-publish","hentry"],"_links":{"self":[{"href":"https:\/\/hausarzt-wallisellen.ch\/en\/wp-json\/wp\/v2\/pages\/47","targetHints":{"allow":["GET"]}}],"collection":[{"href":"https:\/\/hausarzt-wallisellen.ch\/en\/wp-json\/wp\/v2\/pages"}],"about":[{"href":"https:\/\/hausarzt-wallisellen.ch\/en\/wp-json\/wp\/v2\/types\/page"}],"author":[{"embeddable":true,"href":"https:\/\/hausarzt-wallisellen.ch\/en\/wp-json\/wp\/v2\/users\/1"}],"replies":[{"embeddable":true,"href":"https:\/\/hausarzt-wallisellen.ch\/en\/wp-json\/wp\/v2\/comments?post=47"}],"version-history":[{"count":20,"href":"https:\/\/hausarzt-wallisellen.ch\/en\/wp-json\/wp\/v2\/pages\/47\/revisions"}],"predecessor-version":[{"id":1104,"href":"https:\/\/hausarzt-wallisellen.ch\/en\/wp-json\/wp\/v2\/pages\/47\/revisions\/1104"}],"wp:attachment":[{"href":"https:\/\/hausarzt-wallisellen.ch\/en\/wp-json\/wp\/v2\/media?parent=47"}],"curies":[{"name":"wp","href":"https:\/\/api.w.org\/{rel}","templated":true}]}}