{"id":540,"date":"2023-02-18T19:45:02","date_gmt":"2023-02-18T18:45:02","guid":{"rendered":"https:\/\/frey.nicolasgrimm.ch\/?page_id=540"},"modified":"2025-11-10T09:43:39","modified_gmt":"2025-11-10T08:43:39","slug":"oeffnungszeiten-notfall","status":"publish","type":"page","link":"https:\/\/hausarzt-wallisellen.ch\/en\/oeffnungszeiten-notfall\/","title":{"rendered":"Opening hours \/ Emergency"},"content":{"rendered":"<div data-elementor-type=\"wp-page\" data-elementor-id=\"540\" class=\"elementor elementor-540\" data-elementor-post-type=\"page\">\n\t\t\t\t<div class=\"elementor-element elementor-element-7e09504 e-con-full e-flex e-con e-parent\" data-id=\"7e09504\" data-element_type=\"container\" data-e-type=\"container\">\n\t\t<div class=\"elementor-element elementor-element-20d2cfb e-flex e-con-boxed e-con e-child\" data-id=\"20d2cfb\" data-element_type=\"container\" data-e-type=\"container\" data-settings=\"{&quot;background_background&quot;:&quot;classic&quot;}\">\n\t\t\t\t\t<div class=\"e-con-inner\">\n\t\t\t\t<div class=\"elementor-element elementor-element-0264eeb elementor-widget elementor-widget-heading\" data-id=\"0264eeb\" data-element_type=\"widget\" data-e-type=\"widget\" data-widget_type=\"heading.default\">\n\t\t\t\t<div class=\"elementor-widget-container\">\n\t\t\t\t\t<h1 class=\"elementor-heading-title elementor-size-default\">Opening hours \/ Emergency<\/h1>\t\t\t\t<\/div>\n\t\t\t\t<\/div>\n\t\t\t\t\t<\/div>\n\t\t\t\t<\/div>\n\t\t\t\t<\/div>\n\t\t<div class=\"elementor-element elementor-element-70de5c4 e-flex e-con-boxed e-con e-parent\" data-id=\"70de5c4\" data-element_type=\"container\" data-e-type=\"container\">\n\t\t\t\t\t<div class=\"e-con-inner\">\n\t\t<div class=\"elementor-element elementor-element-6316abf e-con-full e-flex e-con e-child\" data-id=\"6316abf\" data-element_type=\"container\" data-e-type=\"container\">\n\t\t\t\t<div class=\"elementor-element elementor-element-8452c57 elementor-widget__width-auto elementor-view-default elementor-widget elementor-widget-icon\" data-id=\"8452c57\" data-element_type=\"widget\" data-e-type=\"widget\" data-widget_type=\"icon.default\">\n\t\t\t\t<div class=\"elementor-widget-container\">\n\t\t\t\t\t\t\t<div class=\"elementor-icon-wrapper\">\n\t\t\t<div class=\"elementor-icon\">\n\t\t\t<svg aria-hidden=\"true\" class=\"e-font-icon-svg e-fas-notes-medical\" viewbox=\"0 0 384 512\" xmlns=\"http:\/\/www.w3.org\/2000\/svg\"><path d=\"M336 64h-80c0-35.3-28.7-64-64-64s-64 28.7-64 64H48C21.5 64 0 85.5 0 112v352c0 26.5 21.5 48 48 48h288c26.5 0 48-21.5 48-48V112c0-26.5-21.5-48-48-48zM192 40c13.3 0 24 10.7 24 24s-10.7 24-24 24-24-10.7-24-24 10.7-24 24-24zm96 304c0 4.4-3.6 8-8 8h-56v56c0 4.4-3.6 8-8 8h-48c-4.4 0-8-3.6-8-8v-56h-56c-4.4 0-8-3.6-8-8v-48c0-4.4 3.6-8 8-8h56v-56c0-4.4 3.6-8 8-8h48c4.4 0 8 3.6 8 8v56h56c4.4 0 8 3.6 8 8v48zm0-192c0 4.4-3.6 8-8 8H104c-4.4 0-8-3.6-8-8v-16c0-4.4 3.6-8 8-8h176c4.4 0 8 3.6 8 8v16z\"><\/path><\/svg>\t\t\t<\/div>\n\t\t<\/div>\n\t\t\t\t\t\t<\/div>\n\t\t\t\t<\/div>\n\t\t\t\t<div class=\"elementor-element elementor-element-d329926 elementor-widget__width-inherit elementor-widget elementor-widget-heading\" data-id=\"d329926\" data-element_type=\"widget\" data-e-type=\"widget\" data-widget_type=\"heading.default\">\n\t\t\t\t<div class=\"elementor-widget-container\">\n\t\t\t\t\t<h3 class=\"elementor-heading-title elementor-size-default\">Emergency<\/h3>\t\t\t\t<\/div>\n\t\t\t\t<\/div>\n\t\t\t\t<div class=\"elementor-element elementor-element-968badc elementor-widget elementor-widget-text-editor\" data-id=\"968badc\" data-element_type=\"widget\" data-e-type=\"widget\" data-widget_type=\"text-editor.default\">\n\t\t\t\t<div class=\"elementor-widget-container\">\n\t\t\t\t\t\t\t\t\t<p>Emergencies during consultation hours via the practice telephone:<br \/><b>044\/830 20 10<\/b><\/p><p><span style=\"color: var( --e-global-color-text ); font-family: var( --e-global-typography-text-font-family ), Sans-serif; font-size: var( --e-global-typography-text-font-size ); font-weight: var( --e-global-typography-text-font-weight ); text-align: var(--text-align);\"><i>You can get professional help in an emergency outside practice opening hours:<\/i><\/span><\/p><table><tbody><tr><th class=\"th1\">Emergency service<\/th><th class=\"th2\">Emergency no.<\/th><\/tr><tr><td class=\"row1\">Ambulance (ambulance)<\/td><td>144<\/td><\/tr><tr><td class=\"row1\">Medical emergency service<\/td><td>0800 33 66 55<\/td><\/tr><tr><td class=\"row1\">Offered hand<\/td><td>143<\/td><\/tr><tr><td class=\"row1\">Fire department<\/td><td>118<\/td><\/tr><tr><td class=\"row1\">Emergency pharmacy<\/td><td>0900 55 35 55<\/td><\/tr><tr><td class=\"row1\">Police<\/td><td>117<\/td><\/tr><tr><td class=\"row1\">Rega<\/td><td>1414<\/td><\/tr><tr><td class=\"row1\">Toxicology Center<\/td><td>145<\/td><\/tr><tr><td class=\"row1\">Dental emergency service<\/td><td>079 \/ 819 19 19<\/td><\/tr><\/tbody><\/table><table style=\"height: 193px;\" width=\"210\"><tbody><tr><th class=\"th1\">Emergency service<\/th><th class=\"th2\">Emergency no.<\/th><\/tr><tr><td class=\"row1\">Children's Hospital Zurich<\/td><td>044 \/ 266 71 11<\/td><\/tr><tr><td class=\"row1\">B\u00fclach Hospital<\/td><td>044 \/ 863 22 11<\/td><\/tr><tr><td class=\"row1\">Uster Hospital<\/td><td>044 \/ 911 11 11<\/td><\/tr><tr><td class=\"row1\">University Hospital Zurich<\/td><td>044 \/ 255 11 11<\/td><\/tr><tr><td class=\"row1\">Waidspital Zurich<\/td><td>044 \/ 366 22 11<\/td><\/tr><\/tbody><\/table>\t\t\t\t\t\t\t\t<\/div>\n\t\t\t\t<\/div>\n\t\t\t\t<\/div>\n\t\t<div class=\"elementor-element elementor-element-c99ef3b e-con-full e-flex e-con e-child\" data-id=\"c99ef3b\" data-element_type=\"container\" data-e-type=\"container\">\n\t\t\t\t<div class=\"elementor-element elementor-element-e51e7c1 elementor-widget__width-auto elementor-view-default elementor-widget elementor-widget-icon\" data-id=\"e51e7c1\" data-element_type=\"widget\" data-e-type=\"widget\" data-widget_type=\"icon.default\">\n\t\t\t\t<div class=\"elementor-widget-container\">\n\t\t\t\t\t\t\t<div class=\"elementor-icon-wrapper\">\n\t\t\t<div class=\"elementor-icon\">\n\t\t\t<svg aria-hidden=\"true\" class=\"e-font-icon-svg e-fas-clock\" viewbox=\"0 0 512 512\" xmlns=\"http:\/\/www.w3.org\/2000\/svg\"><path d=\"M256,8C119,8,8,119,8,256S119,504,256,504,504,393,504,256,393,8,256,8Zm92.49,313h0l-20,25a16,16,0,0,1-22.49,2.5h0l-67-49.72a40,40,0,0,1-15-31.23V112a16,16,0,0,1,16-16h32a16,16,0,0,1,16,16V256l58,42.5A16,16,0,0,1,348.49,321Z\"><\/path><\/svg>\t\t\t<\/div>\n\t\t<\/div>\n\t\t\t\t\t\t<\/div>\n\t\t\t\t<\/div>\n\t\t\t\t<div class=\"elementor-element elementor-element-c39d01d elementor-widget__width-inherit elementor-widget elementor-widget-heading\" data-id=\"c39d01d\" data-element_type=\"widget\" data-e-type=\"widget\" data-widget_type=\"heading.default\">\n\t\t\t\t<div class=\"elementor-widget-container\">\n\t\t\t\t\t<h3 class=\"elementor-heading-title elementor-size-default\">Opening hours<\/h3>\t\t\t\t<\/div>\n\t\t\t\t<\/div>\n\t\t\t\t<div class=\"elementor-element elementor-element-84be69c elementor-widget elementor-widget-text-editor\" data-id=\"84be69c\" data-element_type=\"widget\" data-e-type=\"widget\" data-widget_type=\"text-editor.default\">\n\t\t\t\t<div class=\"elementor-widget-container\">\n\t\t\t\t\t\t\t\t\t<table class=\"lauftext\" border=\"0\" width=\"410\" cellspacing=\"0\" cellpadding=\"0\">\n<tbody>\n<tr>\n<td class=\"lauftext\" colspan=\"1\" rowspan=\"1\" align=\"left\" valign=\"middle\">Monday<\/td>\n<td class=\"lauftext\" colspan=\"1\" rowspan=\"1\" align=\"center\" valign=\"middle\">08:00 &#8211; 12:00<\/td>\n<td class=\"lauftext\" colspan=\"1\" rowspan=\"1\" align=\"center\" valign=\"middle\">13:30 &#8211; 18:00<\/td>\n<\/tr>\n<tr>\n<td class=\"lauftext\" colspan=\"1\" rowspan=\"1\" align=\"left\" valign=\"middle\">Tuesday<\/td>\n<td class=\"lauftext\" colspan=\"1\" rowspan=\"1\" align=\"center\" valign=\"middle\">08:00 &#8211; 12:00<\/td>\n<td class=\"lauftext\" colspan=\"1\" rowspan=\"1\" align=\"center\" valign=\"middle\">13:30 &#8211; 18:00<\/td>\n<\/tr>\n<tr>\n<td class=\"lauftext\" colspan=\"1\" rowspan=\"1\" align=\"left\" valign=\"middle\">Wednesday<\/td>\n<td class=\"lauftext\" colspan=\"1\" rowspan=\"1\" align=\"center\" valign=\"middle\">08:00 &#8211; 12:00<\/td>\n<td class=\"lauftext\" colspan=\"1\" rowspan=\"1\" align=\"center\" valign=\"middle\">13:30 &#8211; 18:00<\/td>\n<\/tr>\n<tr>\n<td class=\"lauftext\" colspan=\"1\" rowspan=\"1\" align=\"left\" valign=\"middle\">Thursday<\/td>\n<td class=\"lauftext\" colspan=\"1\" rowspan=\"1\" align=\"center\" valign=\"middle\">08:00 &#8211; 12:00<\/td>\n<td class=\"lauftext\" colspan=\"1\" rowspan=\"1\" align=\"center\" valign=\"middle\">closed<\/td>\n<\/tr>\n<tr>\n<td class=\"lauftext\" colspan=\"1\" rowspan=\"1\" align=\"left\" valign=\"middle\">Friday<\/td>\n<td class=\"lauftext\" colspan=\"1\" rowspan=\"1\" align=\"center\" valign=\"middle\">08:00 &#8211; 12:00<\/td>\n<td class=\"lauftext\" colspan=\"1\" rowspan=\"1\" align=\"center\" valign=\"middle\">13:30 &#8211; 18:00<\/td>\n<\/tr>\n<\/tbody>\n<\/table>\t\t\t\t\t\t\t\t<\/div>\n\t\t\t\t<\/div>\n\t\t\t\t<div class=\"elementor-element elementor-element-d046179 elementor-widget__width-inherit elementor-widget elementor-widget-heading\" data-id=\"d046179\" data-element_type=\"widget\" data-e-type=\"widget\" data-widget_type=\"heading.default\">\n\t\t\t\t<div class=\"elementor-widget-container\">\n\t\t\t\t\t<h3 class=\"elementor-heading-title elementor-size-default\">Telefonzeiten<\/h3>\t\t\t\t<\/div>\n\t\t\t\t<\/div>\n\t\t\t\t<div class=\"elementor-element elementor-element-6f1cc69 elementor-widget elementor-widget-text-editor\" data-id=\"6f1cc69\" data-element_type=\"widget\" data-e-type=\"widget\" data-widget_type=\"text-editor.default\">\n\t\t\t\t<div class=\"elementor-widget-container\">\n\t\t\t\t\t\t\t\t\t<table class=\"lauftext\" border=\"0\" width=\"410\" cellspacing=\"0\" cellpadding=\"0\"><tbody><tr><td class=\"lauftext\" colspan=\"1\" rowspan=\"1\" align=\"left\" valign=\"middle\">Monday<\/td><td class=\"lauftext\" colspan=\"1\" rowspan=\"1\" align=\"center\" valign=\"middle\">08:15 \u2013 11:30<\/td><td class=\"lauftext\" colspan=\"1\" rowspan=\"1\" align=\"center\" valign=\"middle\">14:00 \u2013 17:30<\/td><\/tr><tr><td class=\"lauftext\" colspan=\"1\" rowspan=\"1\" align=\"left\" valign=\"middle\">Tuesday<\/td><td class=\"lauftext\" colspan=\"1\" rowspan=\"1\" align=\"center\" valign=\"middle\">08:15 \u2013 11:30<\/td><td class=\"lauftext\" colspan=\"1\" rowspan=\"1\" align=\"center\" valign=\"middle\">14:00 \u2013 17:30<\/td><\/tr><tr><td class=\"lauftext\" colspan=\"1\" rowspan=\"1\" align=\"left\" valign=\"middle\">Wednesday<\/td><td class=\"lauftext\" colspan=\"1\" rowspan=\"1\" align=\"center\" valign=\"middle\">08:15 \u2013 11:30<\/td><td class=\"lauftext\" colspan=\"1\" rowspan=\"1\" align=\"center\" valign=\"middle\">14:00 \u2013 17:30<\/td><\/tr><tr><td class=\"lauftext\" colspan=\"1\" rowspan=\"1\" align=\"left\" valign=\"middle\">Thursday<\/td><td class=\"lauftext\" colspan=\"1\" rowspan=\"1\" align=\"center\" valign=\"middle\">08:15 \u2013 11:30<\/td><td class=\"lauftext\" colspan=\"1\" rowspan=\"1\" align=\"center\" valign=\"middle\">closed<\/td><\/tr><tr><td class=\"lauftext\" colspan=\"1\" rowspan=\"1\" align=\"left\" valign=\"middle\">Friday<\/td><td class=\"lauftext\" colspan=\"1\" rowspan=\"1\" align=\"center\" valign=\"middle\">08:15 \u2013 11:30<\/td><td class=\"lauftext\" colspan=\"1\" rowspan=\"1\" align=\"center\" valign=\"middle\">14:00 \u2013 17:30<\/td><\/tr><\/tbody><\/table>\t\t\t\t\t\t\t\t<\/div>\n\t\t\t\t<\/div>\n\t\t\t\t<\/div>\n\t\t\t\t\t<\/div>\n\t\t\t\t<\/div>\n\t\t\t\t<\/div>","protected":false},"excerpt":{"rendered":"<p>\u00d6ffnungszeiten \/ Notfall Notfall Notf\u00e4lle w\u00e4hrend der Sprechstunde \u00fcber das Praxistelefon:044\/830 20 10 Professionelle Hilfe im Notfall erhalten Sie ausserhalb der Praxis\u00f6ffnungszeiten: Notfalldienst Notfall-Nr. Ambulanz (Sanit\u00e4t) 144 \u00c4rztlicher Notfalldienst 0800 33 66 55 Dargebotene Hand 143 Feuerwehr 118 Notfallapotheke 0900 55 35 55 Polizei 117 Rega 1414 Toxikologisches Zentrum 145 Zahn\u00e4rztlicher Notfalldienst 079 \/ 819 [&hellip;]<\/p>\n","protected":false},"author":1,"featured_media":0,"parent":0,"menu_order":0,"comment_status":"closed","ping_status":"closed","template":"","meta":{"footnotes":""},"class_list":["post-540","page","type-page","status-publish","hentry"],"_links":{"self":[{"href":"https:\/\/hausarzt-wallisellen.ch\/en\/wp-json\/wp\/v2\/pages\/540","targetHints":{"allow":["GET"]}}],"collection":[{"href":"https:\/\/hausarzt-wallisellen.ch\/en\/wp-json\/wp\/v2\/pages"}],"about":[{"href":"https:\/\/hausarzt-wallisellen.ch\/en\/wp-json\/wp\/v2\/types\/page"}],"author":[{"embeddable":true,"href":"https:\/\/hausarzt-wallisellen.ch\/en\/wp-json\/wp\/v2\/users\/1"}],"replies":[{"embeddable":true,"href":"https:\/\/hausarzt-wallisellen.ch\/en\/wp-json\/wp\/v2\/comments?post=540"}],"version-history":[{"count":20,"href":"https:\/\/hausarzt-wallisellen.ch\/en\/wp-json\/wp\/v2\/pages\/540\/revisions"}],"predecessor-version":[{"id":1513,"href":"https:\/\/hausarzt-wallisellen.ch\/en\/wp-json\/wp\/v2\/pages\/540\/revisions\/1513"}],"wp:attachment":[{"href":"https:\/\/hausarzt-wallisellen.ch\/en\/wp-json\/wp\/v2\/media?parent=540"}],"curies":[{"name":"wp","href":"https:\/\/api.w.org\/{rel}","templated":true}]}}